{"id":14806,"date":"2023-06-15T13:09:31","date_gmt":"2023-06-15T18:09:31","guid":{"rendered":"https:\/\/gfstotalrewards.ca\/?page_id=14806"},"modified":"2024-08-13T14:17:04","modified_gmt":"2024-08-13T19:17:04","slug":"avantages-sociaux-et-mieux-etre","status":"publish","type":"page","link":"https:\/\/gfssctotalrewards.ca\/fr-ca\/benefits-wellness\/","title":{"rendered":"Avantages sociaux et mieux-\u00eatre"},"content":{"rendered":"<div data-elementor-type=\"wp-page\" data-elementor-id=\"14806\" class=\"elementor elementor-14806\" data-elementor-post-type=\"page\">\n\t\t\t\t\t\t<section data-particle_enable=\"false\" data-particle-mobile-disabled=\"false\" class=\"elementor-section elementor-top-section elementor-element elementor-element-566945f6 elementor-section-height-min-height elementor-section-items-stretch elementor-section-boxed elementor-section-height-default\" data-id=\"566945f6\" data-element_type=\"section\" data-e-type=\"section\" data-settings=\"{&quot;background_background&quot;:&quot;classic&quot;}\">\n\t\t\t\t\t\t<div class=\"elementor-container elementor-column-gap-default\">\n\t\t\t\t\t<div class=\"elementor-column elementor-col-50 elementor-top-column elementor-element elementor-element-78a36150\" data-id=\"78a36150\" data-element_type=\"column\" data-e-type=\"column\">\n\t\t\t<div class=\"elementor-widget-wrap elementor-element-populated\">\n\t\t\t\t\t\t<div class=\"elementor-element elementor-element-2085164d elementor-widget elementor-widget-heading\" data-id=\"2085164d\" data-element_type=\"widget\" data-e-type=\"widget\" data-widget_type=\"heading.default\">\n\t\t\t\t<div class=\"elementor-widget-container\">\n\t\t\t\t\t<h1 class=\"elementor-heading-title elementor-size-default translation-block\">Avantages sociaux<br>et mieux-\u00eatre<\/h1>\t\t\t\t<\/div>\n\t\t\t\t<\/div>\n\t\t\t\t\t<\/div>\n\t\t<\/div>\n\t\t\t\t<div class=\"elementor-column elementor-col-50 elementor-top-column elementor-element elementor-element-1e739b91 elementor-hidden-tablet elementor-hidden-mobile\" data-id=\"1e739b91\" data-element_type=\"column\" data-e-type=\"column\">\n\t\t\t<div class=\"elementor-widget-wrap\">\n\t\t\t\t\t\t\t<\/div>\n\t\t<\/div>\n\t\t\t\t\t<\/div>\n\t\t<\/section>\n\t\t\t\t<section data-particle_enable=\"false\" data-particle-mobile-disabled=\"false\" class=\"elementor-section elementor-top-section elementor-element elementor-element-19097e3 elementor-section-boxed elementor-section-height-default elementor-section-height-default\" data-id=\"19097e3\" data-element_type=\"section\" data-e-type=\"section\">\n\t\t\t\t\t\t<div class=\"elementor-container elementor-column-gap-default\">\n\t\t\t\t\t<div class=\"elementor-column elementor-col-100 elementor-top-column elementor-element elementor-element-af4fbb3\" data-id=\"af4fbb3\" data-element_type=\"column\" data-e-type=\"column\">\n\t\t\t<div class=\"elementor-widget-wrap elementor-element-populated\">\n\t\t\t\t\t\t<div class=\"elementor-element elementor-element-1e8bb3e elementor-widget elementor-widget-text-editor\" data-id=\"1e8bb3e\" data-element_type=\"widget\" data-e-type=\"widget\" data-widget_type=\"text-editor.default\">\n\t\t\t\t<div class=\"elementor-widget-container\">\n\t\t\t\t\t\t\t\t\t<p>Vos choix en mati\u00e8re de soins m\u00e9dicaux, de bien-\u00eatre, de comptes de gestions des d\u00e9penses sant\u00e9, d\u2019assurance, d\u2019invalidit\u00e9 et bien plus encore<\/p>\t\t\t\t\t\t\t\t<\/div>\n\t\t\t\t<\/div>\n\t\t\t\t\t<\/div>\n\t\t<\/div>\n\t\t\t\t\t<\/div>\n\t\t<\/section>\n\t\t\t\t<section data-particle_enable=\"false\" data-particle-mobile-disabled=\"false\" class=\"elementor-section elementor-top-section elementor-element elementor-element-5218606 elementor-section-boxed elementor-section-height-default elementor-section-height-default\" data-id=\"5218606\" data-element_type=\"section\" data-e-type=\"section\">\n\t\t\t\t\t\t<div class=\"elementor-container elementor-column-gap-default\">\n\t\t\t\t\t<div class=\"elementor-column elementor-col-33 elementor-top-column elementor-element elementor-element-481284b\" data-id=\"481284b\" data-element_type=\"column\" data-e-type=\"column\" data-settings=\"{&quot;background_background&quot;:&quot;classic&quot;}\">\n\t\t\t<div class=\"elementor-widget-wrap elementor-element-populated\">\n\t\t\t\t\t\t<div class=\"elementor-element elementor-element-2b467d8 elementor-widget__width-initial elementor-widget elementor-widget-heading\" data-id=\"2b467d8\" data-element_type=\"widget\" data-e-type=\"widget\" data-widget_type=\"heading.default\">\n\t\t\t\t<div class=\"elementor-widget-container\">\n\t\t\t\t\t<h2 class=\"elementor-heading-title elementor-size-default\">Options pour vos assurances<\/h2>\t\t\t\t<\/div>\n\t\t\t\t<\/div>\n\t\t\t\t<div class=\"elementor-element elementor-element-698d5b1 elementor-align-center elementor-widget elementor-widget-button\" data-id=\"698d5b1\" data-element_type=\"widget\" data-e-type=\"widget\" data-widget_type=\"button.default\">\n\t\t\t\t<div class=\"elementor-widget-container\">\n\t\t\t\t\t\t\t\t\t<div class=\"elementor-button-wrapper\">\n\t\t\t\t\t<a class=\"elementor-button elementor-button-link elementor-size-sm\" href=\"https:\/\/gfssctotalrewards.ca\/fr-ca\/avantages-sociaux-et-mieux-etre\/options-pour-vos-assurances\/\">\n\t\t\t\t\t\t<span class=\"elementor-button-content-wrapper\">\n\t\t\t\t\t\t<span class=\"elementor-button-icon\">\n\t\t\t\t<i aria-hidden=\"true\" class=\"fas fa-arrow-right\"><\/i>\t\t\t<\/span>\n\t\t\t\t\t\t\t\t\t<span class=\"elementor-button-text\">En savoir plus<\/span>\n\t\t\t\t\t<\/span>\n\t\t\t\t\t<\/a>\n\t\t\t\t<\/div>\n\t\t\t\t\t\t\t\t<\/div>\n\t\t\t\t<\/div>\n\t\t\t\t\t<\/div>\n\t\t<\/div>\n\t\t\t\t<div class=\"elementor-column elementor-col-33 elementor-top-column elementor-element elementor-element-7495a7a\" data-id=\"7495a7a\" data-element_type=\"column\" data-e-type=\"column\" data-settings=\"{&quot;background_background&quot;:&quot;classic&quot;}\">\n\t\t\t<div class=\"elementor-widget-wrap elementor-element-populated\">\n\t\t\t\t\t\t<div class=\"elementor-element elementor-element-1cd4b60 elementor-widget__width-initial elementor-widget elementor-widget-heading\" data-id=\"1cd4b60\" data-element_type=\"widget\" data-e-type=\"widget\" data-widget_type=\"heading.default\">\n\t\t\t\t<div class=\"elementor-widget-container\">\n\t\t\t\t\t<h2 class=\"elementor-heading-title elementor-size-default\">Autres avantages uniques<\/h2>\t\t\t\t<\/div>\n\t\t\t\t<\/div>\n\t\t\t\t<div class=\"elementor-element elementor-element-f3bfd6d elementor-align-center elementor-widget elementor-widget-button\" data-id=\"f3bfd6d\" data-element_type=\"widget\" data-e-type=\"widget\" data-widget_type=\"button.default\">\n\t\t\t\t<div class=\"elementor-widget-container\">\n\t\t\t\t\t\t\t\t\t<div class=\"elementor-button-wrapper\">\n\t\t\t\t\t<a class=\"elementor-button elementor-button-link elementor-size-sm\" href=\"https:\/\/gfssctotalrewards.ca\/fr-ca\/avantages-sociaux-et-mieux-etre\/autres-avantages-uniques\/\">\n\t\t\t\t\t\t<span class=\"elementor-button-content-wrapper\">\n\t\t\t\t\t\t<span class=\"elementor-button-icon\">\n\t\t\t\t<i aria-hidden=\"true\" class=\"fas fa-arrow-right\"><\/i>\t\t\t<\/span>\n\t\t\t\t\t\t\t\t\t<span class=\"elementor-button-text\">En savoir plus<\/span>\n\t\t\t\t\t<\/span>\n\t\t\t\t\t<\/a>\n\t\t\t\t<\/div>\n\t\t\t\t\t\t\t\t<\/div>\n\t\t\t\t<\/div>\n\t\t\t\t\t<\/div>\n\t\t<\/div>\n\t\t\t\t<div class=\"elementor-column elementor-col-33 elementor-top-column elementor-element elementor-element-930e0dc\" data-id=\"930e0dc\" data-element_type=\"column\" data-e-type=\"column\" data-settings=\"{&quot;background_background&quot;:&quot;classic&quot;}\">\n\t\t\t<div class=\"elementor-widget-wrap elementor-element-populated\">\n\t\t\t\t\t\t<div class=\"elementor-element elementor-element-4a217e5 elementor-widget__width-initial elementor-widget elementor-widget-heading\" data-id=\"4a217e5\" data-element_type=\"widget\" data-e-type=\"widget\" data-widget_type=\"heading.default\">\n\t\t\t\t<div class=\"elementor-widget-container\">\n\t\t\t\t\t<h2 class=\"elementor-heading-title elementor-size-default\">Assistance voyage<\/h2>\t\t\t\t<\/div>\n\t\t\t\t<\/div>\n\t\t\t\t<div class=\"elementor-element elementor-element-a3874cf elementor-align-center elementor-widget elementor-widget-button\" data-id=\"a3874cf\" data-element_type=\"widget\" data-e-type=\"widget\" data-widget_type=\"button.default\">\n\t\t\t\t<div class=\"elementor-widget-container\">\n\t\t\t\t\t\t\t\t\t<div class=\"elementor-button-wrapper\">\n\t\t\t\t\t<a class=\"elementor-button elementor-button-link elementor-size-sm\" href=\"https:\/\/gfssctotalrewards.ca\/fr-ca\/avantages-sociaux-et-mieux-etre\/assistance-voyage\/\">\n\t\t\t\t\t\t<span class=\"elementor-button-content-wrapper\">\n\t\t\t\t\t\t<span class=\"elementor-button-icon\">\n\t\t\t\t<i aria-hidden=\"true\" class=\"fas fa-arrow-right\"><\/i>\t\t\t<\/span>\n\t\t\t\t\t\t\t\t\t<span class=\"elementor-button-text\">En savoir plus<\/span>\n\t\t\t\t\t<\/span>\n\t\t\t\t\t<\/a>\n\t\t\t\t<\/div>\n\t\t\t\t\t\t\t\t<\/div>\n\t\t\t\t<\/div>\n\t\t\t\t\t<\/div>\n\t\t<\/div>\n\t\t\t\t\t<\/div>\n\t\t<\/section>\n\t\t\t\t<\/div>","protected":false},"excerpt":{"rendered":"<p>Benefits + Wellness Your choices for medical, wellness, health care spending accounts, insurance, disability, and more. Benefit Plan Options Learn More Other Benefits + Perks Learn More Travel Assistance Learn More<\/p>","protected":false},"author":20,"featured_media":0,"parent":0,"menu_order":0,"comment_status":"closed","ping_status":"closed","template":"","meta":{"footnotes":""},"class_list":["post-14806","page","type-page","status-publish","hentry"],"yoast_head":"<!-- This site is optimized with the Yoast SEO plugin v27.0 - https:\/\/yoast.com\/product\/yoast-seo-wordpress\/ -->\n<title>Benefits + Wellness | Gordon Food Service Canada Total Rewards<\/title>\n<meta name=\"robots\" content=\"noindex, follow, max-snippet:-1, max-image-preview:large, max-video-preview:-1\" \/>\n<meta property=\"og:locale\" content=\"fr_CA\" \/>\n<meta property=\"og:type\" content=\"article\" \/>\n<meta property=\"og:title\" content=\"Benefits + Wellness | Gordon Food Service Canada Total Rewards\" \/>\n<meta property=\"og:description\" content=\"Benefits + Wellness Your choices for medical, wellness, health care spending accounts, insurance, disability, and more. Benefit Plan Options Learn More Other Benefits + Perks Learn More Travel Assistance Learn More\" \/>\n<meta property=\"og:url\" content=\"https:\/\/gfssctotalrewards.ca\/fr-ca\/avantages-sociaux-et-mieux-etre\/\" \/>\n<meta property=\"og:site_name\" content=\"Gordon Food Service Canada Total Rewards\" \/>\n<meta property=\"article:publisher\" content=\"https:\/\/www.facebook.com\/GordonFoodService\" \/>\n<meta property=\"article:modified_time\" content=\"2024-08-13T19:17:04+00:00\" \/>\n<meta name=\"twitter:card\" content=\"summary_large_image\" \/>\n<meta name=\"twitter:site\" content=\"@GFSDelivers\" \/>\n<meta name=\"twitter:label1\" content=\"Est. reading time\" \/>\n\t<meta name=\"twitter:data1\" content=\"1 minute\" \/>\n<script type=\"application\/ld+json\" class=\"yoast-schema-graph\">{\"@context\":\"https:\/\/schema.org\",\"@graph\":[{\"@type\":\"WebPage\",\"@id\":\"https:\/\/gfssctotalrewards.ca\/fr-ca\/avantages-sociaux-et-mieux-etre\/\",\"url\":\"https:\/\/gfssctotalrewards.ca\/fr-ca\/avantages-sociaux-et-mieux-etre\/\",\"name\":\"Benefits + Wellness | Gordon Food Service Canada Total Rewards\",\"isPartOf\":{\"@id\":\"https:\/\/gfssctotalrewards.ca\/en-ca\/#website\"},\"datePublished\":\"2023-06-15T18:09:31+00:00\",\"dateModified\":\"2024-08-13T19:17:04+00:00\",\"breadcrumb\":{\"@id\":\"https:\/\/gfssctotalrewards.ca\/fr-ca\/avantages-sociaux-et-mieux-etre\/#breadcrumb\"},\"inLanguage\":\"fr-CA\",\"potentialAction\":[{\"@type\":\"ReadAction\",\"target\":[\"https:\/\/gfssctotalrewards.ca\/fr-ca\/avantages-sociaux-et-mieux-etre\/\"]}]},{\"@type\":\"BreadcrumbList\",\"@id\":\"https:\/\/gfssctotalrewards.ca\/fr-ca\/avantages-sociaux-et-mieux-etre\/#breadcrumb\",\"itemListElement\":[{\"@type\":\"ListItem\",\"position\":1,\"name\":\"Home\",\"item\":\"https:\/\/gfssctotalrewards.ca\/fr-ca\/\"},{\"@type\":\"ListItem\",\"position\":2,\"name\":\"Benefits + Wellness\"}]},{\"@type\":\"WebSite\",\"@id\":\"https:\/\/gfssctotalrewards.ca\/en-ca\/#website\",\"url\":\"https:\/\/gfssctotalrewards.ca\/en-ca\/\",\"name\":\"Gordon Food Service Canada Total Rewards\",\"description\":\"\",\"publisher\":{\"@id\":\"https:\/\/gfssctotalrewards.ca\/en-ca\/#organization\"},\"potentialAction\":[{\"@type\":\"SearchAction\",\"target\":{\"@type\":\"EntryPoint\",\"urlTemplate\":\"https:\/\/gfssctotalrewards.ca\/en-ca\/?s={search_term_string}\"},\"query-input\":{\"@type\":\"PropertyValueSpecification\",\"valueRequired\":true,\"valueName\":\"search_term_string\"}}],\"inLanguage\":\"fr-CA\"},{\"@type\":\"Organization\",\"@id\":\"https:\/\/gfssctotalrewards.ca\/en-ca\/#organization\",\"name\":\"Gordon Food Service Canada Total Rewards\",\"url\":\"https:\/\/gfssctotalrewards.ca\/en-ca\/\",\"logo\":{\"@type\":\"ImageObject\",\"inLanguage\":\"fr-CA\",\"@id\":\"https:\/\/gfssctotalrewards.ca\/en-ca\/#\/schema\/logo\/image\/\",\"url\":\"https:\/\/live-gfs-ca-total-rewards.pantheonsite.io\/wp-content\/uploads\/2022\/07\/gordon-food-service-logo.png\",\"contentUrl\":\"https:\/\/live-gfs-ca-total-rewards.pantheonsite.io\/wp-content\/uploads\/2022\/07\/gordon-food-service-logo.png\",\"width\":402,\"height\":128,\"caption\":\"Gordon Food Service Canada Total Rewards\"},\"image\":{\"@id\":\"https:\/\/gfssctotalrewards.ca\/en-ca\/#\/schema\/logo\/image\/\"},\"sameAs\":[\"https:\/\/www.facebook.com\/GordonFoodService\",\"https:\/\/x.com\/GFSDelivers\",\"https:\/\/www.instagram.com\/gordonfoodservice\/\",\"https:\/\/www.youtube.com\/user\/GFSDelivers\",\"https:\/\/www.linkedin.com\/company\/gordon-food-service\/\"]}]}<\/script>\n<!-- \/ Yoast SEO plugin. -->","yoast_head_json":{"title":"Benefits + Wellness | Gordon Food Service Canada Total Rewards","robots":{"index":"noindex","follow":"follow","max-snippet":"max-snippet:-1","max-image-preview":"max-image-preview:large","max-video-preview":"max-video-preview:-1"},"og_locale":"fr_CA","og_type":"article","og_title":"Benefits + Wellness | Gordon Food Service Canada Total Rewards","og_description":"Benefits + Wellness Your choices for medical, wellness, health care spending accounts, insurance, disability, and more. Benefit Plan Options Learn More Other Benefits + Perks Learn More Travel Assistance Learn More","og_url":"https:\/\/gfssctotalrewards.ca\/fr-ca\/avantages-sociaux-et-mieux-etre\/","og_site_name":"Gordon Food Service Canada Total Rewards","article_publisher":"https:\/\/www.facebook.com\/GordonFoodService","article_modified_time":"2024-08-13T19:17:04+00:00","twitter_card":"summary_large_image","twitter_site":"@GFSDelivers","twitter_misc":{"Est. reading time":"1 minute"},"schema":{"@context":"https:\/\/schema.org","@graph":[{"@type":"WebPage","@id":"https:\/\/gfssctotalrewards.ca\/fr-ca\/avantages-sociaux-et-mieux-etre\/","url":"https:\/\/gfssctotalrewards.ca\/fr-ca\/avantages-sociaux-et-mieux-etre\/","name":"Benefits + Wellness | Gordon Food Service Canada Total Rewards","isPartOf":{"@id":"https:\/\/gfssctotalrewards.ca\/en-ca\/#website"},"datePublished":"2023-06-15T18:09:31+00:00","dateModified":"2024-08-13T19:17:04+00:00","breadcrumb":{"@id":"https:\/\/gfssctotalrewards.ca\/fr-ca\/avantages-sociaux-et-mieux-etre\/#breadcrumb"},"inLanguage":"fr-CA","potentialAction":[{"@type":"ReadAction","target":["https:\/\/gfssctotalrewards.ca\/fr-ca\/avantages-sociaux-et-mieux-etre\/"]}]},{"@type":"BreadcrumbList","@id":"https:\/\/gfssctotalrewards.ca\/fr-ca\/avantages-sociaux-et-mieux-etre\/#breadcrumb","itemListElement":[{"@type":"ListItem","position":1,"name":"Home","item":"https:\/\/gfssctotalrewards.ca\/fr-ca\/"},{"@type":"ListItem","position":2,"name":"Benefits + Wellness"}]},{"@type":"WebSite","@id":"https:\/\/gfssctotalrewards.ca\/en-ca\/#website","url":"https:\/\/gfssctotalrewards.ca\/en-ca\/","name":"Gordon Food Service Canada Total Rewards","description":"","publisher":{"@id":"https:\/\/gfssctotalrewards.ca\/en-ca\/#organization"},"potentialAction":[{"@type":"SearchAction","target":{"@type":"EntryPoint","urlTemplate":"https:\/\/gfssctotalrewards.ca\/en-ca\/?s={search_term_string}"},"query-input":{"@type":"PropertyValueSpecification","valueRequired":true,"valueName":"search_term_string"}}],"inLanguage":"fr-CA"},{"@type":"Organization","@id":"https:\/\/gfssctotalrewards.ca\/en-ca\/#organization","name":"Gordon Food Service Canada Total Rewards","url":"https:\/\/gfssctotalrewards.ca\/en-ca\/","logo":{"@type":"ImageObject","inLanguage":"fr-CA","@id":"https:\/\/gfssctotalrewards.ca\/en-ca\/#\/schema\/logo\/image\/","url":"https:\/\/live-gfs-ca-total-rewards.pantheonsite.io\/wp-content\/uploads\/2022\/07\/gordon-food-service-logo.png","contentUrl":"https:\/\/live-gfs-ca-total-rewards.pantheonsite.io\/wp-content\/uploads\/2022\/07\/gordon-food-service-logo.png","width":402,"height":128,"caption":"Gordon Food Service Canada Total Rewards"},"image":{"@id":"https:\/\/gfssctotalrewards.ca\/en-ca\/#\/schema\/logo\/image\/"},"sameAs":["https:\/\/www.facebook.com\/GordonFoodService","https:\/\/x.com\/GFSDelivers","https:\/\/www.instagram.com\/gordonfoodservice\/","https:\/\/www.youtube.com\/user\/GFSDelivers","https:\/\/www.linkedin.com\/company\/gordon-food-service\/"]}]}},"_links":{"self":[{"href":"https:\/\/gfssctotalrewards.ca\/fr-ca\/wp-json\/wp\/v2\/pages\/14806","targetHints":{"allow":["GET"]}}],"collection":[{"href":"https:\/\/gfssctotalrewards.ca\/fr-ca\/wp-json\/wp\/v2\/pages"}],"about":[{"href":"https:\/\/gfssctotalrewards.ca\/fr-ca\/wp-json\/wp\/v2\/types\/page"}],"author":[{"embeddable":true,"href":"https:\/\/gfssctotalrewards.ca\/fr-ca\/wp-json\/wp\/v2\/users\/20"}],"replies":[{"embeddable":true,"href":"https:\/\/gfssctotalrewards.ca\/fr-ca\/wp-json\/wp\/v2\/comments?post=14806"}],"version-history":[{"count":66,"href":"https:\/\/gfssctotalrewards.ca\/fr-ca\/wp-json\/wp\/v2\/pages\/14806\/revisions"}],"predecessor-version":[{"id":18388,"href":"https:\/\/gfssctotalrewards.ca\/fr-ca\/wp-json\/wp\/v2\/pages\/14806\/revisions\/18388"}],"wp:attachment":[{"href":"https:\/\/gfssctotalrewards.ca\/fr-ca\/wp-json\/wp\/v2\/media?parent=14806"}],"curies":[{"name":"wp","href":"https:\/\/api.w.org\/{rel}","templated":true}]}}