{"id":18487,"date":"2024-10-07T13:51:38","date_gmt":"2024-10-07T18:51:38","guid":{"rendered":"https:\/\/gfssctotalrewards.ca\/?page_id=18487"},"modified":"2025-04-17T07:32:45","modified_gmt":"2025-04-17T12:32:45","slug":"nouveautes","status":"publish","type":"page","link":"https:\/\/gfssctotalrewards.ca\/fr-ca\/benefits-enrollment\/whats-new\/","title":{"rendered":"What&#8217;s New"},"content":{"rendered":"<div data-elementor-type=\"wp-page\" data-elementor-id=\"18487\" class=\"elementor elementor-18487\" data-elementor-post-type=\"page\">\n\t\t\t\t\t\t<section data-particle_enable=\"false\" data-particle-mobile-disabled=\"false\" class=\"elementor-section elementor-top-section elementor-element elementor-element-6c10139f elementor-section-height-min-height elementor-section-items-stretch elementor-section-boxed elementor-section-height-default\" data-id=\"6c10139f\" data-element_type=\"section\" data-e-type=\"section\" data-settings=\"{&quot;background_background&quot;:&quot;classic&quot;}\">\n\t\t\t\t\t\t<div class=\"elementor-container elementor-column-gap-default\">\n\t\t\t\t\t<div class=\"elementor-column elementor-col-50 elementor-top-column elementor-element elementor-element-41e7538\" data-id=\"41e7538\" data-element_type=\"column\" data-e-type=\"column\">\n\t\t\t<div class=\"elementor-widget-wrap elementor-element-populated\">\n\t\t\t\t\t\t<div class=\"elementor-element elementor-element-3dfefd6e elementor-widget__width-auto elementor-widget elementor-widget-heading\" data-id=\"3dfefd6e\" data-element_type=\"widget\" data-e-type=\"widget\" data-widget_type=\"heading.default\">\n\t\t\t\t<div class=\"elementor-widget-container\">\n\t\t\t\t\t<div class=\"elementor-heading-title elementor-size-default translation-block\">Adh\u00e9sion au programme d\u2019avantages sociaux<\/div>\t\t\t\t<\/div>\n\t\t\t\t<\/div>\n\t\t\t\t<div class=\"elementor-element elementor-element-10948db4 elementor-widget elementor-widget-heading\" data-id=\"10948db4\" data-element_type=\"widget\" data-e-type=\"widget\" data-widget_type=\"heading.default\">\n\t\t\t\t<div class=\"elementor-widget-container\">\n\t\t\t\t\t<h1 class=\"elementor-heading-title elementor-size-default\">Nouveaut\u00e9s en 2025!<\/h1>\t\t\t\t<\/div>\n\t\t\t\t<\/div>\n\t\t\t\t<div class=\"elementor-element elementor-element-66201069 elementor-widget elementor-widget-text-editor\" data-id=\"66201069\" data-element_type=\"widget\" data-e-type=\"widget\" data-widget_type=\"text-editor.default\">\n\t\t\t\t<div class=\"elementor-widget-container\">\n\t\t\t\t\t\t\t\t\t<p>D\u00e9couvrez les nouveaux avantages et changements qui seront apport\u00e9s \u00e0 votre r\u00e9gime cette ann\u00e9e.<\/p>\t\t\t\t\t\t\t\t<\/div>\n\t\t\t\t<\/div>\n\t\t\t\t\t<\/div>\n\t\t<\/div>\n\t\t\t\t<div class=\"elementor-column elementor-col-50 elementor-top-column elementor-element elementor-element-4628d44e elementor-hidden-tablet elementor-hidden-mobile\" data-id=\"4628d44e\" data-element_type=\"column\" data-e-type=\"column\">\n\t\t\t<div class=\"elementor-widget-wrap\">\n\t\t\t\t\t\t\t<\/div>\n\t\t<\/div>\n\t\t\t\t\t<\/div>\n\t\t<\/section>\n\t\t\t\t<section data-particle_enable=\"false\" data-particle-mobile-disabled=\"false\" class=\"elementor-section elementor-top-section elementor-element elementor-element-464d94a elementor-section-boxed elementor-section-height-default elementor-section-height-default\" data-id=\"464d94a\" data-element_type=\"section\" data-e-type=\"section\">\n\t\t\t\t\t\t<div class=\"elementor-container elementor-column-gap-default\">\n\t\t\t\t\t<div class=\"elementor-column elementor-col-100 elementor-top-column elementor-element elementor-element-335182e\" data-id=\"335182e\" data-element_type=\"column\" data-e-type=\"column\">\n\t\t\t<div class=\"elementor-widget-wrap elementor-element-populated\">\n\t\t\t\t\t\t<div class=\"elementor-element elementor-element-fe3b311 elementor-widget elementor-widget-spacer\" data-id=\"fe3b311\" data-element_type=\"widget\" data-e-type=\"widget\" data-widget_type=\"spacer.default\">\n\t\t\t\t<div class=\"elementor-widget-container\">\n\t\t\t\t\t\t\t<div class=\"elementor-spacer\">\n\t\t\t<div class=\"elementor-spacer-inner\"><\/div>\n\t\t<\/div>\n\t\t\t\t\t\t<\/div>\n\t\t\t\t<\/div>\n\t\t\t\t\t<\/div>\n\t\t<\/div>\n\t\t\t\t\t<\/div>\n\t\t<\/section>\n\t\t\t\t<section data-particle_enable=\"false\" data-particle-mobile-disabled=\"false\" class=\"elementor-section elementor-top-section elementor-element elementor-element-06e5c49 elementor-section-boxed elementor-section-height-default elementor-section-height-default\" data-id=\"06e5c49\" data-element_type=\"section\" data-e-type=\"section\" data-settings=\"{&quot;background_background&quot;:&quot;classic&quot;}\">\n\t\t\t\t\t\t<div class=\"elementor-container elementor-column-gap-default\">\n\t\t\t\t\t<div class=\"elementor-column elementor-col-50 elementor-top-column elementor-element elementor-element-c306d8c\" data-id=\"c306d8c\" data-element_type=\"column\" data-e-type=\"column\">\n\t\t\t<div class=\"elementor-widget-wrap elementor-element-populated\">\n\t\t\t\t\t\t<div class=\"elementor-element elementor-element-a52766e elementor-widget elementor-widget-heading\" data-id=\"a52766e\" data-element_type=\"widget\" data-e-type=\"widget\" data-widget_type=\"heading.default\">\n\t\t\t\t<div class=\"elementor-widget-container\">\n\t\t\t\t\t<h2 class=\"elementor-heading-title elementor-size-default\">Manuvie est l\u00e0! <\/h2>\t\t\t\t<\/div>\n\t\t\t\t<\/div>\n\t\t\t\t<div class=\"elementor-element elementor-element-1deaf05 elementor-widget elementor-widget-text-editor\" data-id=\"1deaf05\" data-element_type=\"widget\" data-e-type=\"widget\" data-widget_type=\"text-editor.default\">\n\t\t\t\t<div class=\"elementor-widget-container\">\n\t\t\t\t\t\t\t\t\t<p>Au revoir Canada Vie\u2026 bonjour Manuvie!<\/p>\t\t\t\t\t\t\t\t<\/div>\n\t\t\t\t<\/div>\n\t\t\t\t<div class=\"elementor-element elementor-element-3b60ebf elementor-widget elementor-widget-text-editor\" data-id=\"3b60ebf\" data-element_type=\"widget\" data-e-type=\"widget\" data-widget_type=\"text-editor.default\">\n\t\t\t\t<div class=\"elementor-widget-container\">\n\t\t\t\t\t\t\t\t\t<ul><li>\u00c0 compter du 1er janvier 2025, Manuvie sera notre nouveau fournisseur d\u2019avantages sociaux! <\/li><li>Cette transition signifie que vous n\u2019aurez plus \u00e0 communiquer avec deux entreprises diff\u00e9rentes en cas de besoin.<\/li><li>En effet, Manuvie g\u00e8re d\u00e9j\u00e0 notre programme d\u2019\u00e9pargne-retraite collective. Ce changement simplifiera donc votre exp\u00e9rience utilisateur. <\/li><li>Gardez l\u2019\u0153il ouvert pour plus d\u2019informations dans les mois \u00e0 venir! <\/li><\/ul>\t\t\t\t\t\t\t\t<\/div>\n\t\t\t\t<\/div>\n\t\t\t\t\t<\/div>\n\t\t<\/div>\n\t\t\t\t<div class=\"elementor-column elementor-col-50 elementor-top-column elementor-element elementor-element-afa4fe9\" data-id=\"afa4fe9\" data-element_type=\"column\" data-e-type=\"column\">\n\t\t\t<div class=\"elementor-widget-wrap elementor-element-populated\">\n\t\t\t\t\t\t<div class=\"elementor-element elementor-element-6bcc821 elementor-widget elementor-widget-image\" data-id=\"6bcc821\" data-element_type=\"widget\" data-e-type=\"widget\" data-widget_type=\"image.default\">\n\t\t\t\t<div class=\"elementor-widget-container\">\n\t\t\t\t\t\t\t\t\t\t\t\t\t\t\t<img fetchpriority=\"high\" decoding=\"async\" width=\"800\" height=\"450\" src=\"https:\/\/gfssctotalrewards.ca\/wp-content\/uploads\/2024\/09\/manuvie_new_002_v1.png\" class=\"attachment-large size-large wp-image-15405\" alt=\"\" srcset=\"https:\/\/gfssctotalrewards.ca\/wp-content\/uploads\/2024\/09\/manuvie_new_002_v1.png 704w, https:\/\/gfssctotalrewards.ca\/wp-content\/uploads\/2024\/09\/manuvie_new_002_v1-300x56.png 300w, https:\/\/gfssctotalrewards.ca\/wp-content\/uploads\/2024\/09\/manuvie_new_002_v1-18x3.png 18w\" sizes=\"(max-width: 800px) 100vw, 800px\" \/>\t\t\t\t\t\t\t\t\t\t\t\t\t\t\t<\/div>\n\t\t\t\t<\/div>\n\t\t\t\t\t<\/div>\n\t\t<\/div>\n\t\t\t\t\t<\/div>\n\t\t<\/section>\n\t\t\t\t<section data-particle_enable=\"false\" data-particle-mobile-disabled=\"false\" class=\"elementor-section elementor-top-section elementor-element elementor-element-a9ecd67 elementor-section-boxed elementor-section-height-default elementor-section-height-default\" data-id=\"a9ecd67\" data-element_type=\"section\" data-e-type=\"section\">\n\t\t\t\t\t\t<div class=\"elementor-container elementor-column-gap-default\">\n\t\t\t\t\t<div class=\"elementor-column elementor-col-100 elementor-top-column elementor-element elementor-element-ab13f3f\" data-id=\"ab13f3f\" data-element_type=\"column\" data-e-type=\"column\">\n\t\t\t<div class=\"elementor-widget-wrap elementor-element-populated\">\n\t\t\t\t\t\t<div class=\"elementor-element elementor-element-caf5622 elementor-widget elementor-widget-spacer\" data-id=\"caf5622\" data-element_type=\"widget\" data-e-type=\"widget\" data-widget_type=\"spacer.default\">\n\t\t\t\t<div class=\"elementor-widget-container\">\n\t\t\t\t\t\t\t<div class=\"elementor-spacer\">\n\t\t\t<div class=\"elementor-spacer-inner\"><\/div>\n\t\t<\/div>\n\t\t\t\t\t\t<\/div>\n\t\t\t\t<\/div>\n\t\t\t\t\t<\/div>\n\t\t<\/div>\n\t\t\t\t\t<\/div>\n\t\t<\/section>\n\t\t\t\t<section data-particle_enable=\"false\" data-particle-mobile-disabled=\"false\" class=\"elementor-section elementor-top-section elementor-element elementor-element-7f7bc23 elementor-section-boxed elementor-section-height-default elementor-section-height-default\" data-id=\"7f7bc23\" data-element_type=\"section\" data-e-type=\"section\" data-settings=\"{&quot;background_background&quot;:&quot;classic&quot;}\">\n\t\t\t\t\t\t<div class=\"elementor-container elementor-column-gap-default\">\n\t\t\t\t\t<div class=\"elementor-column elementor-col-100 elementor-top-column elementor-element elementor-element-639a95e\" data-id=\"639a95e\" data-element_type=\"column\" data-e-type=\"column\">\n\t\t\t<div class=\"elementor-widget-wrap elementor-element-populated\">\n\t\t\t\t\t\t<div class=\"elementor-element elementor-element-b06c235 elementor-widget elementor-widget-heading\" data-id=\"b06c235\" data-element_type=\"widget\" data-e-type=\"widget\" data-widget_type=\"heading.default\">\n\t\t\t\t<div class=\"elementor-widget-container\">\n\t\t\t\t\t<h2 class=\"elementor-heading-title elementor-size-default\">\u00c9conomies<\/h2>\t\t\t\t<\/div>\n\t\t\t\t<\/div>\n\t\t\t\t<div class=\"elementor-element elementor-element-4044972 elementor-widget elementor-widget-text-editor\" data-id=\"4044972\" data-element_type=\"widget\" data-e-type=\"widget\" data-widget_type=\"text-editor.default\">\n\t\t\t\t<div class=\"elementor-widget-container\">\n\t\t\t\t\t\t\t\t\t<p>\u00c9conomisez sur vos options d\u2019assurances vie (facultative) et invalidit\u00e9 de longue dur\u00e9e gr\u00e2ce \u00e0 une r\u00e9duction des co\u00fbts cette ann\u00e9e!<\/p>\t\t\t\t\t\t\t\t<\/div>\n\t\t\t\t<\/div>\n\t\t\t\t<div class=\"elementor-element elementor-element-aeca32b elementor-widget elementor-widget-text-editor\" data-id=\"aeca32b\" data-element_type=\"widget\" data-e-type=\"widget\" data-widget_type=\"text-editor.default\">\n\t\t\t\t<div class=\"elementor-widget-container\">\n\t\t\t\t\t\t\t\t\t<ul><li>Cette ann\u00e9e, vous avez la possibilit\u00e9 d\u2019\u00e9conomiser sur vos primes d\u2019assurance vie et d\u2019assurance invalidit\u00e9 de longue dur\u00e9e.<\/li><li>Assurez-vous d\u2019examiner les options qui s\u2019offrent \u00e0 vous et de voir comment vous pouvez \u00e9conomiser!<\/li><\/ul>\t\t\t\t\t\t\t\t<\/div>\n\t\t\t\t<\/div>\n\t\t\t\t\t<\/div>\n\t\t<\/div>\n\t\t\t\t\t<\/div>\n\t\t<\/section>\n\t\t\t\t<section data-particle_enable=\"false\" data-particle-mobile-disabled=\"false\" class=\"elementor-section elementor-top-section elementor-element elementor-element-fc0a203 elementor-section-boxed elementor-section-height-default elementor-section-height-default\" data-id=\"fc0a203\" data-element_type=\"section\" data-e-type=\"section\">\n\t\t\t\t\t\t<div class=\"elementor-container elementor-column-gap-default\">\n\t\t\t\t\t<div class=\"elementor-column elementor-col-100 elementor-top-column elementor-element elementor-element-2a71d07\" data-id=\"2a71d07\" data-element_type=\"column\" data-e-type=\"column\">\n\t\t\t<div class=\"elementor-widget-wrap elementor-element-populated\">\n\t\t\t\t\t\t<div class=\"elementor-element elementor-element-4960ed3 elementor-widget elementor-widget-spacer\" data-id=\"4960ed3\" data-element_type=\"widget\" data-e-type=\"widget\" data-widget_type=\"spacer.default\">\n\t\t\t\t<div class=\"elementor-widget-container\">\n\t\t\t\t\t\t\t<div class=\"elementor-spacer\">\n\t\t\t<div class=\"elementor-spacer-inner\"><\/div>\n\t\t<\/div>\n\t\t\t\t\t\t<\/div>\n\t\t\t\t<\/div>\n\t\t\t\t\t<\/div>\n\t\t<\/div>\n\t\t\t\t\t<\/div>\n\t\t<\/section>\n\t\t\t\t<section data-particle_enable=\"false\" data-particle-mobile-disabled=\"false\" class=\"elementor-section elementor-top-section elementor-element elementor-element-6b9f8b3 elementor-section-boxed elementor-section-height-default elementor-section-height-default\" data-id=\"6b9f8b3\" data-element_type=\"section\" data-e-type=\"section\" data-settings=\"{&quot;background_background&quot;:&quot;classic&quot;}\">\n\t\t\t\t\t\t<div class=\"elementor-container elementor-column-gap-default\">\n\t\t\t\t\t<div class=\"elementor-column elementor-col-100 elementor-top-column elementor-element elementor-element-7c1ca5c\" data-id=\"7c1ca5c\" data-element_type=\"column\" data-e-type=\"column\">\n\t\t\t<div class=\"elementor-widget-wrap elementor-element-populated\">\n\t\t\t\t\t\t<div class=\"elementor-element elementor-element-9dfa5d1 elementor-widget elementor-widget-heading\" data-id=\"9dfa5d1\" data-element_type=\"widget\" data-e-type=\"widget\" data-widget_type=\"heading.default\">\n\t\t\t\t<div class=\"elementor-widget-container\">\n\t\t\t\t\t<h2 class=\"elementor-heading-title elementor-size-default\">Les cr\u00e9dits flexibles vous permettent d\u2019\u00e9conomiser!<\/h2>\t\t\t\t<\/div>\n\t\t\t\t<\/div>\n\t\t\t\t<div class=\"elementor-element elementor-element-7c9af33 elementor-widget elementor-widget-text-editor\" data-id=\"7c9af33\" data-element_type=\"widget\" data-e-type=\"widget\" data-widget_type=\"text-editor.default\">\n\t\t\t\t<div class=\"elementor-widget-container\">\n\t\t\t\t\t\t\t\t\t<p>\u00a0N\u2019oubliez pas vos cr\u00e9dits flexibles cette ann\u00e9e!<\/p>\t\t\t\t\t\t\t\t<\/div>\n\t\t\t\t<\/div>\n\t\t\t\t<div class=\"elementor-element elementor-element-3d8023b elementor-widget elementor-widget-text-editor\" data-id=\"3d8023b\" data-element_type=\"widget\" data-e-type=\"widget\" data-widget_type=\"text-editor.default\">\n\t\t\t\t<div class=\"elementor-widget-container\">\n\t\t\t\t\t\t\t\t\t<ul><li>Les cr\u00e9dits flexibles ne sont pas une nouveaut\u00e9 chez Service alimentaire Gordon, mais nous tenons \u00e0 vous rappeler de les utiliser en vue de r\u00e9aliser des \u00e9conomies! <\/li><li>Compte sant\u00e9 : Le compte sant\u00e9 vous permet d\u2019utiliser des cr\u00e9dits non imposables pour payer des frais m\u00e9dicaux et dentaires non couverts par vos options de protection. Les fonds expirent apr\u00e8s deux ans. <\/li><li class=\"translation-block\">Compte mieux-\u00eatre : Les fonds de ce compte sont impos\u00e9s et peuvent \u00eatre utilis\u00e9s pour un grand nombre de d\u00e9penses li\u00e9es au mieux-\u00eatre personnel (<a href=\"https:\/\/gfssctotalrewards.ca\/fr-ca\/avantages-sociaux-et-mieux-etre\/options-pour-vos-assurances\/#flex-credits\" target=\"_self\"><strong>la liste des d\u00e9penses admissibles peut \u00eatre consult\u00e9e ici<\/strong><\/a>). Les fonds n\u2019expirent jamais.<\/li><\/ul>\t\t\t\t\t\t\t\t<\/div>\n\t\t\t\t<\/div>\n\t\t\t\t\t<\/div>\n\t\t<\/div>\n\t\t\t\t\t<\/div>\n\t\t<\/section>\n\t\t\t\t<\/div>","protected":false},"excerpt":{"rendered":"<p>Benefits Enrollment What&#8217;s New for 2025! Discover the new benefits, perks, and changes coming to your plan this year. Manulife is Here! Goodbye Canada Life\u2026. Hello Manulife! Come January 1, 2025, Manulife will be our new benefit provider! This transition means you will have one company to contact for all your benefits and retirement needs, [&hellip;]<\/p>\n","protected":false},"author":20,"featured_media":0,"parent":14770,"menu_order":0,"comment_status":"closed","ping_status":"closed","template":"","meta":{"footnotes":""},"class_list":["post-18487","page","type-page","status-publish","hentry"],"yoast_head":"<!-- This site is optimized with the Yoast SEO plugin v27.0 - https:\/\/yoast.com\/product\/yoast-seo-wordpress\/ -->\n<title>What&#039;s New | Gordon Food Service Canada Total Rewards<\/title>\n<meta name=\"robots\" content=\"noindex, nofollow\" \/>\n<meta property=\"og:locale\" content=\"fr_CA\" \/>\n<meta property=\"og:type\" content=\"article\" \/>\n<meta property=\"og:title\" content=\"What&#039;s New | Gordon Food Service Canada Total Rewards\" \/>\n<meta property=\"og:description\" content=\"Benefits Enrollment What&#8217;s New for 2025! Discover the new benefits, perks, and changes coming to your plan this year. Manulife is Here! Goodbye Canada Life\u2026. Hello Manulife! Come January 1, 2025, Manulife will be our new benefit provider! This transition means you will have one company to contact for all your benefits and retirement needs, [&hellip;]\" \/>\n<meta property=\"og:url\" content=\"https:\/\/gfssctotalrewards.ca\/fr-ca\/adhesion-aux-avantages-sociaux\/nouveautes\/\" \/>\n<meta property=\"og:site_name\" content=\"Gordon Food Service Canada Total Rewards\" \/>\n<meta property=\"article:publisher\" content=\"https:\/\/www.facebook.com\/GordonFoodService\" \/>\n<meta property=\"article:modified_time\" content=\"2025-04-17T12:32:45+00:00\" \/>\n<meta property=\"og:image\" content=\"https:\/\/gfssctotalrewards.ca\/wp-content\/uploads\/2023\/07\/Manulife-logo-1024x576.png\" \/>\n<meta name=\"twitter:card\" content=\"summary_large_image\" \/>\n<meta name=\"twitter:site\" content=\"@GFSDelivers\" \/>\n<meta name=\"twitter:label1\" content=\"Est. reading time\" \/>\n\t<meta name=\"twitter:data1\" content=\"2 minutes\" \/>\n<script type=\"application\/ld+json\" class=\"yoast-schema-graph\">{\"@context\":\"https:\/\/schema.org\",\"@graph\":[{\"@type\":\"WebPage\",\"@id\":\"https:\/\/gfssctotalrewards.ca\/en-ca\/benefits-enrollment\/whats-new\/\",\"url\":\"https:\/\/gfssctotalrewards.ca\/en-ca\/benefits-enrollment\/whats-new\/\",\"name\":\"What's New | Gordon Food Service Canada Total Rewards\",\"isPartOf\":{\"@id\":\"https:\/\/gfssctotalrewards.ca\/en-ca\/#website\"},\"primaryImageOfPage\":{\"@id\":\"https:\/\/gfssctotalrewards.ca\/en-ca\/benefits-enrollment\/whats-new\/#primaryimage\"},\"image\":{\"@id\":\"https:\/\/gfssctotalrewards.ca\/en-ca\/benefits-enrollment\/whats-new\/#primaryimage\"},\"thumbnailUrl\":\"https:\/\/gfssctotalrewards.ca\/wp-content\/uploads\/2023\/07\/Manulife-logo-1024x576.png\",\"datePublished\":\"2024-10-07T18:51:38+00:00\",\"dateModified\":\"2025-04-17T12:32:45+00:00\",\"breadcrumb\":{\"@id\":\"https:\/\/gfssctotalrewards.ca\/en-ca\/benefits-enrollment\/whats-new\/#breadcrumb\"},\"inLanguage\":\"fr-CA\",\"potentialAction\":[{\"@type\":\"ReadAction\",\"target\":[\"https:\/\/gfssctotalrewards.ca\/en-ca\/benefits-enrollment\/whats-new\/\"]}]},{\"@type\":\"ImageObject\",\"inLanguage\":\"fr-CA\",\"@id\":\"https:\/\/gfssctotalrewards.ca\/en-ca\/benefits-enrollment\/whats-new\/#primaryimage\",\"url\":\"https:\/\/gfssctotalrewards.ca\/wp-content\/uploads\/2023\/07\/Manulife-logo-1024x576.png\",\"contentUrl\":\"https:\/\/gfssctotalrewards.ca\/wp-content\/uploads\/2023\/07\/Manulife-logo-1024x576.png\"},{\"@type\":\"BreadcrumbList\",\"@id\":\"https:\/\/gfssctotalrewards.ca\/en-ca\/benefits-enrollment\/whats-new\/#breadcrumb\",\"itemListElement\":[{\"@type\":\"ListItem\",\"position\":1,\"name\":\"Home\",\"item\":\"https:\/\/gfssctotalrewards.ca\/fr-ca\/\"},{\"@type\":\"ListItem\",\"position\":2,\"name\":\"Benefits Enrollment\",\"item\":\"https:\/\/gfssctotalrewards.ca\/en-ca\/benefits-enrollment\/\"},{\"@type\":\"ListItem\",\"position\":3,\"name\":\"What&#8217;s New\"}]},{\"@type\":\"WebSite\",\"@id\":\"https:\/\/gfssctotalrewards.ca\/en-ca\/#website\",\"url\":\"https:\/\/gfssctotalrewards.ca\/en-ca\/\",\"name\":\"Gordon Food Service Canada Total Rewards\",\"description\":\"\",\"publisher\":{\"@id\":\"https:\/\/gfssctotalrewards.ca\/en-ca\/#organization\"},\"potentialAction\":[{\"@type\":\"SearchAction\",\"target\":{\"@type\":\"EntryPoint\",\"urlTemplate\":\"https:\/\/gfssctotalrewards.ca\/en-ca\/?s={search_term_string}\"},\"query-input\":{\"@type\":\"PropertyValueSpecification\",\"valueRequired\":true,\"valueName\":\"search_term_string\"}}],\"inLanguage\":\"fr-CA\"},{\"@type\":\"Organization\",\"@id\":\"https:\/\/gfssctotalrewards.ca\/en-ca\/#organization\",\"name\":\"Gordon Food Service Canada Total Rewards\",\"url\":\"https:\/\/gfssctotalrewards.ca\/en-ca\/\",\"logo\":{\"@type\":\"ImageObject\",\"inLanguage\":\"fr-CA\",\"@id\":\"https:\/\/gfssctotalrewards.ca\/en-ca\/#\/schema\/logo\/image\/\",\"url\":\"https:\/\/live-gfs-ca-total-rewards.pantheonsite.io\/wp-content\/uploads\/2022\/07\/gordon-food-service-logo.png\",\"contentUrl\":\"https:\/\/live-gfs-ca-total-rewards.pantheonsite.io\/wp-content\/uploads\/2022\/07\/gordon-food-service-logo.png\",\"width\":402,\"height\":128,\"caption\":\"Gordon Food Service Canada Total Rewards\"},\"image\":{\"@id\":\"https:\/\/gfssctotalrewards.ca\/en-ca\/#\/schema\/logo\/image\/\"},\"sameAs\":[\"https:\/\/www.facebook.com\/GordonFoodService\",\"https:\/\/x.com\/GFSDelivers\",\"https:\/\/www.instagram.com\/gordonfoodservice\/\",\"https:\/\/www.youtube.com\/user\/GFSDelivers\",\"https:\/\/www.linkedin.com\/company\/gordon-food-service\/\"]}]}<\/script>\n<!-- \/ Yoast SEO plugin. -->","yoast_head_json":{"title":"What's New | Gordon Food Service Canada Total Rewards","robots":{"index":"noindex","follow":"nofollow"},"og_locale":"fr_CA","og_type":"article","og_title":"What's New | Gordon Food Service Canada Total Rewards","og_description":"Benefits Enrollment What&#8217;s New for 2025! Discover the new benefits, perks, and changes coming to your plan this year. Manulife is Here! Goodbye Canada Life\u2026. Hello Manulife! Come January 1, 2025, Manulife will be our new benefit provider! This transition means you will have one company to contact for all your benefits and retirement needs, [&hellip;]","og_url":"https:\/\/gfssctotalrewards.ca\/fr-ca\/adhesion-aux-avantages-sociaux\/nouveautes\/","og_site_name":"Gordon Food Service Canada Total Rewards","article_publisher":"https:\/\/www.facebook.com\/GordonFoodService","article_modified_time":"2025-04-17T12:32:45+00:00","og_image":[{"url":"https:\/\/gfssctotalrewards.ca\/wp-content\/uploads\/2023\/07\/Manulife-logo-1024x576.png","type":"","width":"","height":""}],"twitter_card":"summary_large_image","twitter_site":"@GFSDelivers","twitter_misc":{"Est. reading time":"2 minutes"},"schema":{"@context":"https:\/\/schema.org","@graph":[{"@type":"WebPage","@id":"https:\/\/gfssctotalrewards.ca\/en-ca\/benefits-enrollment\/whats-new\/","url":"https:\/\/gfssctotalrewards.ca\/en-ca\/benefits-enrollment\/whats-new\/","name":"What's New | Gordon Food Service Canada Total Rewards","isPartOf":{"@id":"https:\/\/gfssctotalrewards.ca\/en-ca\/#website"},"primaryImageOfPage":{"@id":"https:\/\/gfssctotalrewards.ca\/en-ca\/benefits-enrollment\/whats-new\/#primaryimage"},"image":{"@id":"https:\/\/gfssctotalrewards.ca\/en-ca\/benefits-enrollment\/whats-new\/#primaryimage"},"thumbnailUrl":"https:\/\/gfssctotalrewards.ca\/wp-content\/uploads\/2023\/07\/Manulife-logo-1024x576.png","datePublished":"2024-10-07T18:51:38+00:00","dateModified":"2025-04-17T12:32:45+00:00","breadcrumb":{"@id":"https:\/\/gfssctotalrewards.ca\/en-ca\/benefits-enrollment\/whats-new\/#breadcrumb"},"inLanguage":"fr-CA","potentialAction":[{"@type":"ReadAction","target":["https:\/\/gfssctotalrewards.ca\/en-ca\/benefits-enrollment\/whats-new\/"]}]},{"@type":"ImageObject","inLanguage":"fr-CA","@id":"https:\/\/gfssctotalrewards.ca\/en-ca\/benefits-enrollment\/whats-new\/#primaryimage","url":"https:\/\/gfssctotalrewards.ca\/wp-content\/uploads\/2023\/07\/Manulife-logo-1024x576.png","contentUrl":"https:\/\/gfssctotalrewards.ca\/wp-content\/uploads\/2023\/07\/Manulife-logo-1024x576.png"},{"@type":"BreadcrumbList","@id":"https:\/\/gfssctotalrewards.ca\/en-ca\/benefits-enrollment\/whats-new\/#breadcrumb","itemListElement":[{"@type":"ListItem","position":1,"name":"Home","item":"https:\/\/gfssctotalrewards.ca\/fr-ca\/"},{"@type":"ListItem","position":2,"name":"Benefits Enrollment","item":"https:\/\/gfssctotalrewards.ca\/en-ca\/benefits-enrollment\/"},{"@type":"ListItem","position":3,"name":"What&#8217;s New"}]},{"@type":"WebSite","@id":"https:\/\/gfssctotalrewards.ca\/en-ca\/#website","url":"https:\/\/gfssctotalrewards.ca\/en-ca\/","name":"Gordon Food Service Canada Total Rewards","description":"","publisher":{"@id":"https:\/\/gfssctotalrewards.ca\/en-ca\/#organization"},"potentialAction":[{"@type":"SearchAction","target":{"@type":"EntryPoint","urlTemplate":"https:\/\/gfssctotalrewards.ca\/en-ca\/?s={search_term_string}"},"query-input":{"@type":"PropertyValueSpecification","valueRequired":true,"valueName":"search_term_string"}}],"inLanguage":"fr-CA"},{"@type":"Organization","@id":"https:\/\/gfssctotalrewards.ca\/en-ca\/#organization","name":"Gordon Food Service Canada Total Rewards","url":"https:\/\/gfssctotalrewards.ca\/en-ca\/","logo":{"@type":"ImageObject","inLanguage":"fr-CA","@id":"https:\/\/gfssctotalrewards.ca\/en-ca\/#\/schema\/logo\/image\/","url":"https:\/\/live-gfs-ca-total-rewards.pantheonsite.io\/wp-content\/uploads\/2022\/07\/gordon-food-service-logo.png","contentUrl":"https:\/\/live-gfs-ca-total-rewards.pantheonsite.io\/wp-content\/uploads\/2022\/07\/gordon-food-service-logo.png","width":402,"height":128,"caption":"Gordon Food Service Canada Total Rewards"},"image":{"@id":"https:\/\/gfssctotalrewards.ca\/en-ca\/#\/schema\/logo\/image\/"},"sameAs":["https:\/\/www.facebook.com\/GordonFoodService","https:\/\/x.com\/GFSDelivers","https:\/\/www.instagram.com\/gordonfoodservice\/","https:\/\/www.youtube.com\/user\/GFSDelivers","https:\/\/www.linkedin.com\/company\/gordon-food-service\/"]}]}},"_links":{"self":[{"href":"https:\/\/gfssctotalrewards.ca\/fr-ca\/wp-json\/wp\/v2\/pages\/18487","targetHints":{"allow":["GET"]}}],"collection":[{"href":"https:\/\/gfssctotalrewards.ca\/fr-ca\/wp-json\/wp\/v2\/pages"}],"about":[{"href":"https:\/\/gfssctotalrewards.ca\/fr-ca\/wp-json\/wp\/v2\/types\/page"}],"author":[{"embeddable":true,"href":"https:\/\/gfssctotalrewards.ca\/fr-ca\/wp-json\/wp\/v2\/users\/20"}],"replies":[{"embeddable":true,"href":"https:\/\/gfssctotalrewards.ca\/fr-ca\/wp-json\/wp\/v2\/comments?post=18487"}],"version-history":[{"count":7,"href":"https:\/\/gfssctotalrewards.ca\/fr-ca\/wp-json\/wp\/v2\/pages\/18487\/revisions"}],"predecessor-version":[{"id":18696,"href":"https:\/\/gfssctotalrewards.ca\/fr-ca\/wp-json\/wp\/v2\/pages\/18487\/revisions\/18696"}],"up":[{"embeddable":true,"href":"https:\/\/gfssctotalrewards.ca\/fr-ca\/wp-json\/wp\/v2\/pages\/14770"}],"wp:attachment":[{"href":"https:\/\/gfssctotalrewards.ca\/fr-ca\/wp-json\/wp\/v2\/media?parent=18487"}],"curies":[{"name":"wp","href":"https:\/\/api.w.org\/{rel}","templated":true}]}}