{"id":18758,"date":"2025-10-22T13:29:03","date_gmt":"2025-10-22T18:29:03","guid":{"rendered":"https:\/\/gfssctotalrewards.ca\/?page_id=18758"},"modified":"2025-11-13T10:22:23","modified_gmt":"2025-11-13T16:22:23","slug":"matiere-a-reflexion","status":"publish","type":"page","link":"https:\/\/gfssctotalrewards.ca\/fr-ca\/benefits-wellness\/benefit-plan-options\/things-to-think-about\/","title":{"rendered":"Mati\u00e8re \u00e0 r\u00e9flexion"},"content":{"rendered":"<div data-elementor-type=\"wp-page\" data-elementor-id=\"18758\" class=\"elementor elementor-18758\" data-elementor-post-type=\"page\">\n\t\t\t\t<div data-particle_enable=\"false\" data-particle-mobile-disabled=\"false\" class=\"elementor-element elementor-element-5f3ae99 e-flex e-con-boxed e-con e-parent\" data-id=\"5f3ae99\" data-element_type=\"container\" data-e-type=\"container\" data-settings=\"{&quot;background_background&quot;:&quot;classic&quot;}\">\n\t\t\t\t\t<div class=\"e-con-inner\">\n\t\t<div data-particle_enable=\"false\" data-particle-mobile-disabled=\"false\" class=\"elementor-element elementor-element-9f0cff0 e-con-full e-flex e-con e-child\" data-id=\"9f0cff0\" data-element_type=\"container\" data-e-type=\"container\">\n\t\t\t\t<div class=\"elementor-element elementor-element-45b56b0 elementor-widget__width-auto elementor-widget elementor-widget-heading\" data-id=\"45b56b0\" data-element_type=\"widget\" data-e-type=\"widget\" data-widget_type=\"heading.default\">\n\t\t\t\t<div class=\"elementor-widget-container\">\n\t\t\t\t\t<div class=\"elementor-heading-title elementor-size-default\"><a href=\"https:\/\/gfstotalrewards.ca\/benefits-wellness\/benefit-plan-options\/\">Options pour vos assurances<\/a><\/div>\t\t\t\t<\/div>\n\t\t\t\t<\/div>\n\t\t\t\t<div class=\"elementor-element elementor-element-f3ab7e5 elementor-widget elementor-widget-heading\" data-id=\"f3ab7e5\" data-element_type=\"widget\" data-e-type=\"widget\" data-widget_type=\"heading.default\">\n\t\t\t\t<div class=\"elementor-widget-container\">\n\t\t\t\t\t<h1 class=\"elementor-heading-title elementor-size-default\">Mati\u00e8re \u00e0 r\u00e9flexion pour 2026<\/h1>\t\t\t\t<\/div>\n\t\t\t\t<\/div>\n\t\t\t\t<\/div>\n\t\t<div data-particle_enable=\"false\" data-particle-mobile-disabled=\"false\" class=\"elementor-element elementor-element-62fda1a elementor-hidden-tablet elementor-hidden-mobile e-con-full e-flex e-con e-child\" data-id=\"62fda1a\" data-element_type=\"container\" data-e-type=\"container\">\n\t\t\t\t<\/div>\n\t\t\t\t\t<\/div>\n\t\t\t\t<\/div>\n\t\t<div data-particle_enable=\"false\" data-particle-mobile-disabled=\"false\" class=\"elementor-element elementor-element-a2cc4e6 e-flex e-con-boxed e-con e-parent\" data-id=\"a2cc4e6\" data-element_type=\"container\" data-e-type=\"container\">\n\t\t\t\t\t<div class=\"e-con-inner\">\n\t\t<div data-particle_enable=\"false\" data-particle-mobile-disabled=\"false\" class=\"elementor-element elementor-element-c1c8c56 e-con-full e-flex e-con e-child\" data-id=\"c1c8c56\" data-element_type=\"container\" data-e-type=\"container\">\n\t\t\t\t<div class=\"elementor-element elementor-element-91309cd elementor-widget elementor-widget-video\" data-id=\"91309cd\" data-element_type=\"widget\" data-e-type=\"widget\" data-settings=\"{&quot;video_type&quot;:&quot;hosted&quot;,&quot;controls&quot;:&quot;yes&quot;}\" data-widget_type=\"video.default\">\n\t\t\t\t<div class=\"elementor-widget-container\">\n\t\t\t\t\t\t\t<div class=\"e-hosted-video elementor-wrapper elementor-open-inline\">\n\t\t\t\t\t<video class=\"elementor-video\" src=\"https:\/\/gfssctotalrewards.ca\/wp-content\/uploads\/2025\/11\/French-Open-Enrollment-2026-Instruction-Guide.mp4\" controls=\"\" preload=\"metadata\" controlslist=\"nodownload\"><\/video>\n\t\t\t\t<\/div>\n\t\t\t\t\t\t<\/div>\n\t\t\t\t<\/div>\n\t\t\t\t<\/div>\n\t\t<div data-particle_enable=\"false\" data-particle-mobile-disabled=\"false\" class=\"elementor-element elementor-element-2d95352 e-con-full e-flex e-con e-child\" data-id=\"2d95352\" data-element_type=\"container\" data-e-type=\"container\">\n\t\t\t\t<div class=\"elementor-element elementor-element-f98ad24 elementor-widget elementor-widget-video\" data-id=\"f98ad24\" data-element_type=\"widget\" data-e-type=\"widget\" data-settings=\"{&quot;video_type&quot;:&quot;hosted&quot;,&quot;controls&quot;:&quot;yes&quot;}\" data-widget_type=\"video.default\">\n\t\t\t\t<div class=\"elementor-widget-container\">\n\t\t\t\t\t\t\t<div class=\"e-hosted-video elementor-wrapper elementor-open-inline\">\n\t\t\t\t\t<video class=\"elementor-video\" src=\"https:\/\/gfssctotalrewards.ca\/wp-content\/uploads\/2025\/11\/5-Things-to-Remember-french.mp4\" controls=\"\" preload=\"metadata\" controlslist=\"nodownload\"><\/video>\n\t\t\t\t<\/div>\n\t\t\t\t\t\t<\/div>\n\t\t\t\t<\/div>\n\t\t\t\t<\/div>\n\t\t\t\t\t<\/div>\n\t\t\t\t<\/div>\n\t\t<div data-particle_enable=\"false\" data-particle-mobile-disabled=\"false\" class=\"elementor-element elementor-element-a0caf77 e-flex e-con-boxed e-con e-parent\" data-id=\"a0caf77\" data-element_type=\"container\" data-e-type=\"container\" data-settings=\"{&quot;background_background&quot;:&quot;classic&quot;}\">\n\t\t\t\t\t<div class=\"e-con-inner\">\n\t\t<div data-particle_enable=\"false\" data-particle-mobile-disabled=\"false\" class=\"elementor-element elementor-element-b79d771 e-con-full e-flex e-con e-child\" data-id=\"b79d771\" data-element_type=\"container\" data-e-type=\"container\">\n\t\t\t\t<div class=\"elementor-element elementor-element-b3de294 elementor-widget elementor-widget-heading\" data-id=\"b3de294\" data-element_type=\"widget\" data-e-type=\"widget\" data-widget_type=\"heading.default\">\n\t\t\t\t<div class=\"elementor-widget-container\">\n\t\t\t\t\t<h2 class=\"elementor-heading-title elementor-size-default translation-block\">Plus d\u2019\u00e9conomies pour vous!<\/h2>\t\t\t\t<\/div>\n\t\t\t\t<\/div>\n\t\t\t\t<\/div>\n\t\t<div data-particle_enable=\"false\" data-particle-mobile-disabled=\"false\" class=\"elementor-element elementor-element-8dcb4f1 e-con-full e-flex e-con e-child\" data-id=\"8dcb4f1\" data-element_type=\"container\" data-e-type=\"container\">\n\t\t\t\t<div class=\"elementor-element elementor-element-fd0cbd8 elementor-widget elementor-widget-text-editor\" data-id=\"fd0cbd8\" data-element_type=\"widget\" data-e-type=\"widget\" data-widget_type=\"text-editor.default\">\n\t\t\t\t<div class=\"elementor-widget-container\">\n\t\t\t\t\t\t\t\t\t<ul><li>Nous sommes tr\u00e8s heureux d\u2019annoncer une augmentation de vos cr\u00e9dits flexibles! Vous recevrez un courriel expliquant les d\u00e9tails de ce changement.\\<\/li><li>Vous constaterez \u00e9galement une diminution du prix de vos couvertures! Soyez \u00e0 l\u2019aff\u00fbt au moment de faire vos choix dans Workday.<\/li><\/ul>\t\t\t\t\t\t\t\t<\/div>\n\t\t\t\t<\/div>\n\t\t\t\t<\/div>\n\t\t\t\t\t<\/div>\n\t\t\t\t<\/div>\n\t\t<div data-particle_enable=\"false\" data-particle-mobile-disabled=\"false\" class=\"elementor-element elementor-element-dbd795c e-flex e-con-boxed e-con e-parent\" data-id=\"dbd795c\" data-element_type=\"container\" data-e-type=\"container\">\n\t\t\t\t\t<div class=\"e-con-inner\">\n\t\t\t\t<div class=\"elementor-element elementor-element-046f245 elementor-widget elementor-widget-spacer\" data-id=\"046f245\" data-element_type=\"widget\" data-e-type=\"widget\" data-widget_type=\"spacer.default\">\n\t\t\t\t<div class=\"elementor-widget-container\">\n\t\t\t\t\t\t\t<div class=\"elementor-spacer\">\n\t\t\t<div class=\"elementor-spacer-inner\"><\/div>\n\t\t<\/div>\n\t\t\t\t\t\t<\/div>\n\t\t\t\t<\/div>\n\t\t\t\t\t<\/div>\n\t\t\t\t<\/div>\n\t\t<div data-particle_enable=\"false\" data-particle-mobile-disabled=\"false\" class=\"elementor-element elementor-element-a68fcd3 e-flex e-con-boxed e-con e-parent\" data-id=\"a68fcd3\" data-element_type=\"container\" data-e-type=\"container\" data-settings=\"{&quot;background_background&quot;:&quot;classic&quot;}\">\n\t\t\t\t\t<div class=\"e-con-inner\">\n\t\t<div data-particle_enable=\"false\" data-particle-mobile-disabled=\"false\" class=\"elementor-element elementor-element-5776611 e-con-full e-flex e-con e-child\" data-id=\"5776611\" data-element_type=\"container\" data-e-type=\"container\">\n\t\t\t\t<div class=\"elementor-element elementor-element-e13b302 elementor-widget elementor-widget-heading\" data-id=\"e13b302\" data-element_type=\"widget\" data-e-type=\"widget\" data-widget_type=\"heading.default\">\n\t\t\t\t<div class=\"elementor-widget-container\">\n\t\t\t\t\t<h2 class=\"elementor-heading-title elementor-size-default\">Compte de gestion des d\u00e9penses de style de vie<\/h2>\t\t\t\t<\/div>\n\t\t\t\t<\/div>\n\t\t\t\t<\/div>\n\t\t<div data-particle_enable=\"false\" data-particle-mobile-disabled=\"false\" class=\"elementor-element elementor-element-0f485f7 e-con-full e-flex e-con e-child\" data-id=\"0f485f7\" data-element_type=\"container\" data-e-type=\"container\">\n\t\t\t\t<div class=\"elementor-element elementor-element-cb05f84 elementor-widget elementor-widget-text-editor\" data-id=\"cb05f84\" data-element_type=\"widget\" data-e-type=\"widget\" data-widget_type=\"text-editor.default\">\n\t\t\t\t<div class=\"elementor-widget-container\">\n\t\t\t\t\t\t\t\t\t<ul><li class=\"translation-block\">Les fonds de ce compte sont impos\u00e9s au moment de leur utilisation, et ils peuvent servir pour un grand nombre de d\u00e9penses li\u00e9es au bien-\u00eatre personnel (la liste des d\u00e9penses admissibles peut \u00eatre consult\u00e9e ici).<\/li><li>Ces cr\u00e9dits n\u2019expirent pas tant que vous \u00eates un employ\u00e9 de Service alimentaire Gordon.<\/li><li>N\u2019oubliez pas que l\u2019imp\u00f4t n\u2019est plus pr\u00e9lev\u00e9 au d\u00e9but de l\u2019ann\u00e9e, comme c\u2019\u00e9tait le cas auparavant, mais bien au moment o\u00f9 les fonds sont utilis\u00e9s.<\/li><\/ul>\t\t\t\t\t\t\t\t<\/div>\n\t\t\t\t<\/div>\n\t\t\t\t<\/div>\n\t\t\t\t\t<\/div>\n\t\t\t\t<\/div>\n\t\t<div data-particle_enable=\"false\" data-particle-mobile-disabled=\"false\" class=\"elementor-element elementor-element-0ae9dfa e-flex e-con-boxed e-con e-parent\" data-id=\"0ae9dfa\" data-element_type=\"container\" data-e-type=\"container\">\n\t\t\t\t\t<div class=\"e-con-inner\">\n\t\t\t\t<div class=\"elementor-element elementor-element-3fd3b62 elementor-widget elementor-widget-spacer\" data-id=\"3fd3b62\" data-element_type=\"widget\" data-e-type=\"widget\" data-widget_type=\"spacer.default\">\n\t\t\t\t<div class=\"elementor-widget-container\">\n\t\t\t\t\t\t\t<div class=\"elementor-spacer\">\n\t\t\t<div class=\"elementor-spacer-inner\"><\/div>\n\t\t<\/div>\n\t\t\t\t\t\t<\/div>\n\t\t\t\t<\/div>\n\t\t\t\t\t<\/div>\n\t\t\t\t<\/div>\n\t\t<div data-particle_enable=\"false\" data-particle-mobile-disabled=\"false\" class=\"elementor-element elementor-element-aaaec91 e-flex e-con-boxed e-con e-parent\" data-id=\"aaaec91\" data-element_type=\"container\" data-e-type=\"container\" data-settings=\"{&quot;background_background&quot;:&quot;classic&quot;}\">\n\t\t\t\t\t<div class=\"e-con-inner\">\n\t\t<div data-particle_enable=\"false\" data-particle-mobile-disabled=\"false\" class=\"elementor-element elementor-element-5c3683d e-con-full e-flex e-con e-child\" data-id=\"5c3683d\" data-element_type=\"container\" data-e-type=\"container\">\n\t\t\t\t<div class=\"elementor-element elementor-element-2c00f9b elementor-widget elementor-widget-heading\" data-id=\"2c00f9b\" data-element_type=\"widget\" data-e-type=\"widget\" data-widget_type=\"heading.default\">\n\t\t\t\t<div class=\"elementor-widget-container\">\n\t\t\t\t\t<h2 class=\"elementor-heading-title elementor-size-default\">N\u2019oubliez pas vos personnes \u00e0 charge!<\/h2>\t\t\t\t<\/div>\n\t\t\t\t<\/div>\n\t\t\t\t<\/div>\n\t\t<div data-particle_enable=\"false\" data-particle-mobile-disabled=\"false\" class=\"elementor-element elementor-element-37ba288 e-con-full e-flex e-con e-child\" data-id=\"37ba288\" data-element_type=\"container\" data-e-type=\"container\">\n\t\t\t\t<div class=\"elementor-element elementor-element-df11418 elementor-widget elementor-widget-text-editor\" data-id=\"df11418\" data-element_type=\"widget\" data-e-type=\"widget\" data-widget_type=\"text-editor.default\">\n\t\t\t\t<div class=\"elementor-widget-container\">\n\t\t\t\t\t\t\t\t\t<p>Quand vous ajoutez une nouvelle personne \u00e0 charge, cochez la case \u00e0 c\u00f4t\u00e9 de son nom pour vous assurer qu\u2019elle sera incluse dans votre r\u00e9gime.<\/p>\t\t\t\t\t\t\t\t<\/div>\n\t\t\t\t<\/div>\n\t\t\t\t<\/div>\n\t\t\t\t\t<\/div>\n\t\t\t\t<\/div>\n\t\t<div data-particle_enable=\"false\" data-particle-mobile-disabled=\"false\" class=\"elementor-element elementor-element-ecf1bc7 e-flex e-con-boxed e-con e-parent\" data-id=\"ecf1bc7\" data-element_type=\"container\" data-e-type=\"container\">\n\t\t\t\t\t<div class=\"e-con-inner\">\n\t\t\t\t<div class=\"elementor-element elementor-element-3105a1a elementor-widget elementor-widget-spacer\" data-id=\"3105a1a\" data-element_type=\"widget\" data-e-type=\"widget\" data-widget_type=\"spacer.default\">\n\t\t\t\t<div class=\"elementor-widget-container\">\n\t\t\t\t\t\t\t<div class=\"elementor-spacer\">\n\t\t\t<div class=\"elementor-spacer-inner\"><\/div>\n\t\t<\/div>\n\t\t\t\t\t\t<\/div>\n\t\t\t\t<\/div>\n\t\t\t\t\t<\/div>\n\t\t\t\t<\/div>\n\t\t<div data-particle_enable=\"false\" data-particle-mobile-disabled=\"false\" class=\"elementor-element elementor-element-c3faf9a e-flex e-con-boxed e-con e-parent\" data-id=\"c3faf9a\" data-element_type=\"container\" data-e-type=\"container\" data-settings=\"{&quot;background_background&quot;:&quot;classic&quot;}\">\n\t\t\t\t\t<div class=\"e-con-inner\">\n\t\t<div data-particle_enable=\"false\" data-particle-mobile-disabled=\"false\" class=\"elementor-element elementor-element-11a84c5 e-con-full e-flex e-con e-child\" data-id=\"11a84c5\" data-element_type=\"container\" data-e-type=\"container\">\n\t\t\t\t<div class=\"elementor-element elementor-element-5587cf0 elementor-widget elementor-widget-heading\" data-id=\"5587cf0\" data-element_type=\"widget\" data-e-type=\"widget\" data-widget_type=\"heading.default\">\n\t\t\t\t<div class=\"elementor-widget-container\">\n\t\t\t\t\t<h2 class=\"elementor-heading-title elementor-size-default translation-block\">Identifiez<br>vos<br>besoins!<\/h2>\t\t\t\t<\/div>\n\t\t\t\t<\/div>\n\t\t\t\t<\/div>\n\t\t<div data-particle_enable=\"false\" data-particle-mobile-disabled=\"false\" class=\"elementor-element elementor-element-ff4c5d7 e-con-full e-flex e-con e-child\" data-id=\"ff4c5d7\" data-element_type=\"container\" data-e-type=\"container\">\n\t\t\t\t<div class=\"elementor-element elementor-element-7fb8eba elementor-widget elementor-widget-text-editor\" data-id=\"7fb8eba\" data-element_type=\"widget\" data-e-type=\"widget\" data-widget_type=\"text-editor.default\">\n\t\t\t\t<div class=\"elementor-widget-container\">\n\t\t\t\t\t\t\t\t\t<ul><li>Prenez le temps de rassembler l\u2019information sur le montant que votre famille et vous d\u00e9pensez habituellement tout au long de l\u2019ann\u00e9e pour chaque r\u00e9gime. <\/li><li>Examinez la couverture de votre conjoint et d\u00e9cidez si vous voulez coordonner vos prestations en choisissant l\u2019option 2.<\/li><li>Si vous avez des proc\u00e9dures m\u00e9dicales \u00e0 venir chez le m\u00e9decin ou le dentiste, nous vous recommandons de passer en revue les nombreuses options disponibles. <\/li><li>En comprenant quels sont vos besoins et en lisant bien toutes les options offertes, vous pouvez faire de bons choix qui correspondent \u00e0 vos d\u00e9penses anticip\u00e9es pour toute l\u2019ann\u00e9e. <\/li><\/ul>\t\t\t\t\t\t\t\t<\/div>\n\t\t\t\t<\/div>\n\t\t\t\t<\/div>\n\t\t\t\t\t<\/div>\n\t\t\t\t<\/div>\n\t\t<div data-particle_enable=\"false\" data-particle-mobile-disabled=\"false\" class=\"elementor-element elementor-element-8e9eafe e-flex e-con-boxed e-con e-parent\" data-id=\"8e9eafe\" data-element_type=\"container\" data-e-type=\"container\">\n\t\t\t\t\t<div class=\"e-con-inner\">\n\t\t\t\t<div class=\"elementor-element elementor-element-b224407 elementor-widget elementor-widget-spacer\" data-id=\"b224407\" data-element_type=\"widget\" data-e-type=\"widget\" data-widget_type=\"spacer.default\">\n\t\t\t\t<div class=\"elementor-widget-container\">\n\t\t\t\t\t\t\t<div class=\"elementor-spacer\">\n\t\t\t<div class=\"elementor-spacer-inner\"><\/div>\n\t\t<\/div>\n\t\t\t\t\t\t<\/div>\n\t\t\t\t<\/div>\n\t\t\t\t\t<\/div>\n\t\t\t\t<\/div>\n\t\t\t\t<\/div>","protected":false},"excerpt":{"rendered":"<p>Benefit Plan Options Things to Think About for 2026 https:\/\/gfssctotalrewards.ca\/wp-content\/uploads\/2025\/11\/Open-Enrollment-2026-10_16_2025-10_20\u202fAM-1.mp4https:\/\/gfssctotalrewards.ca\/wp-content\/uploads\/2025\/11\/5-Things-to-Remember-english.mp4 SavingsFor You! We are excited to announce an increase in Flex Credits! You will receive a separate email with those details. As well as a decreased cost in your premiums! make sure to review when you&#8217;re making your selections in workday. Lifestyle Spending Account The [&hellip;]<\/p>\n","protected":false},"author":20,"featured_media":0,"parent":14815,"menu_order":0,"comment_status":"closed","ping_status":"closed","template":"","meta":{"footnotes":""},"class_list":["post-18758","page","type-page","status-publish","hentry"],"yoast_head":"<!-- This site is optimized with the Yoast SEO plugin v27.0 - https:\/\/yoast.com\/product\/yoast-seo-wordpress\/ -->\n<title>Things to Think About | Gordon Food Service Canada Total Rewards<\/title>\n<meta name=\"robots\" content=\"noindex, follow, max-snippet:-1, max-image-preview:large, max-video-preview:-1\" \/>\n<meta property=\"og:locale\" content=\"fr_CA\" \/>\n<meta property=\"og:type\" content=\"article\" \/>\n<meta property=\"og:title\" content=\"Things to Think About | Gordon Food Service Canada Total Rewards\" \/>\n<meta property=\"og:description\" content=\"Benefit Plan Options Things to Think About for 2026 https:\/\/gfssctotalrewards.ca\/wp-content\/uploads\/2025\/11\/Open-Enrollment-2026-10_16_2025-10_20\u202fAM-1.mp4https:\/\/gfssctotalrewards.ca\/wp-content\/uploads\/2025\/11\/5-Things-to-Remember-english.mp4 SavingsFor You! We are excited to announce an increase in Flex Credits! You will receive a separate email with those details. As well as a decreased cost in your premiums! make sure to review when you&#8217;re making your selections in workday. Lifestyle Spending Account The [&hellip;]\" \/>\n<meta property=\"og:url\" content=\"https:\/\/gfssctotalrewards.ca\/fr-ca\/avantages-sociaux-et-mieux-etre\/options-pour-vos-assurances\/matiere-a-reflexion\/\" \/>\n<meta property=\"og:site_name\" content=\"Gordon Food Service Canada Total Rewards\" \/>\n<meta property=\"article:publisher\" content=\"https:\/\/www.facebook.com\/GordonFoodService\" \/>\n<meta property=\"article:modified_time\" content=\"2025-11-13T16:22:23+00:00\" \/>\n<meta name=\"twitter:card\" content=\"summary_large_image\" \/>\n<meta name=\"twitter:site\" content=\"@GFSDelivers\" \/>\n<meta name=\"twitter:label1\" content=\"Est. reading time\" \/>\n\t<meta name=\"twitter:data1\" content=\"2 minutes\" \/>\n<script type=\"application\/ld+json\" class=\"yoast-schema-graph\">{\"@context\":\"https:\/\/schema.org\",\"@graph\":[{\"@type\":\"WebPage\",\"@id\":\"https:\/\/gfssctotalrewards.ca\/en-ca\/benefits-wellness\/benefit-plan-options\/things-to-think-about\/\",\"url\":\"https:\/\/gfssctotalrewards.ca\/en-ca\/benefits-wellness\/benefit-plan-options\/things-to-think-about\/\",\"name\":\"Things to Think About | Gordon Food Service Canada Total Rewards\",\"isPartOf\":{\"@id\":\"https:\/\/gfssctotalrewards.ca\/en-ca\/#website\"},\"datePublished\":\"2025-10-22T18:29:03+00:00\",\"dateModified\":\"2025-11-13T16:22:23+00:00\",\"breadcrumb\":{\"@id\":\"https:\/\/gfssctotalrewards.ca\/en-ca\/benefits-wellness\/benefit-plan-options\/things-to-think-about\/#breadcrumb\"},\"inLanguage\":\"fr-CA\",\"potentialAction\":[{\"@type\":\"ReadAction\",\"target\":[\"https:\/\/gfssctotalrewards.ca\/en-ca\/benefits-wellness\/benefit-plan-options\/things-to-think-about\/\"]}]},{\"@type\":\"BreadcrumbList\",\"@id\":\"https:\/\/gfssctotalrewards.ca\/en-ca\/benefits-wellness\/benefit-plan-options\/things-to-think-about\/#breadcrumb\",\"itemListElement\":[{\"@type\":\"ListItem\",\"position\":1,\"name\":\"Home\",\"item\":\"https:\/\/gfssctotalrewards.ca\/fr-ca\/\"},{\"@type\":\"ListItem\",\"position\":2,\"name\":\"Benefits + Wellness\",\"item\":\"https:\/\/gfssctotalrewards.ca\/fr-ca\/avantages-sociaux-et-mieux-etre\/\"},{\"@type\":\"ListItem\",\"position\":3,\"name\":\"Benefit Plan Options\",\"item\":\"https:\/\/gfssctotalrewards.ca\/en-ca\/benefits-wellness\/benefit-plan-options\/\"},{\"@type\":\"ListItem\",\"position\":4,\"name\":\"Things to Think About\"}]},{\"@type\":\"WebSite\",\"@id\":\"https:\/\/gfssctotalrewards.ca\/en-ca\/#website\",\"url\":\"https:\/\/gfssctotalrewards.ca\/en-ca\/\",\"name\":\"Gordon Food Service Canada Total Rewards\",\"description\":\"\",\"publisher\":{\"@id\":\"https:\/\/gfssctotalrewards.ca\/en-ca\/#organization\"},\"potentialAction\":[{\"@type\":\"SearchAction\",\"target\":{\"@type\":\"EntryPoint\",\"urlTemplate\":\"https:\/\/gfssctotalrewards.ca\/en-ca\/?s={search_term_string}\"},\"query-input\":{\"@type\":\"PropertyValueSpecification\",\"valueRequired\":true,\"valueName\":\"search_term_string\"}}],\"inLanguage\":\"fr-CA\"},{\"@type\":\"Organization\",\"@id\":\"https:\/\/gfssctotalrewards.ca\/en-ca\/#organization\",\"name\":\"Gordon Food Service Canada Total Rewards\",\"url\":\"https:\/\/gfssctotalrewards.ca\/en-ca\/\",\"logo\":{\"@type\":\"ImageObject\",\"inLanguage\":\"fr-CA\",\"@id\":\"https:\/\/gfssctotalrewards.ca\/en-ca\/#\/schema\/logo\/image\/\",\"url\":\"https:\/\/live-gfs-ca-total-rewards.pantheonsite.io\/wp-content\/uploads\/2022\/07\/gordon-food-service-logo.png\",\"contentUrl\":\"https:\/\/live-gfs-ca-total-rewards.pantheonsite.io\/wp-content\/uploads\/2022\/07\/gordon-food-service-logo.png\",\"width\":402,\"height\":128,\"caption\":\"Gordon Food Service Canada Total Rewards\"},\"image\":{\"@id\":\"https:\/\/gfssctotalrewards.ca\/en-ca\/#\/schema\/logo\/image\/\"},\"sameAs\":[\"https:\/\/www.facebook.com\/GordonFoodService\",\"https:\/\/x.com\/GFSDelivers\",\"https:\/\/www.instagram.com\/gordonfoodservice\/\",\"https:\/\/www.youtube.com\/user\/GFSDelivers\",\"https:\/\/www.linkedin.com\/company\/gordon-food-service\/\"]}]}<\/script>\n<!-- \/ Yoast SEO plugin. -->","yoast_head_json":{"title":"Things to Think About | Gordon Food Service Canada Total Rewards","robots":{"index":"noindex","follow":"follow","max-snippet":"max-snippet:-1","max-image-preview":"max-image-preview:large","max-video-preview":"max-video-preview:-1"},"og_locale":"fr_CA","og_type":"article","og_title":"Things to Think About | Gordon Food Service Canada Total Rewards","og_description":"Benefit Plan Options Things to Think About for 2026 https:\/\/gfssctotalrewards.ca\/wp-content\/uploads\/2025\/11\/Open-Enrollment-2026-10_16_2025-10_20\u202fAM-1.mp4https:\/\/gfssctotalrewards.ca\/wp-content\/uploads\/2025\/11\/5-Things-to-Remember-english.mp4 SavingsFor You! We are excited to announce an increase in Flex Credits! You will receive a separate email with those details. As well as a decreased cost in your premiums! make sure to review when you&#8217;re making your selections in workday. Lifestyle Spending Account The [&hellip;]","og_url":"https:\/\/gfssctotalrewards.ca\/fr-ca\/avantages-sociaux-et-mieux-etre\/options-pour-vos-assurances\/matiere-a-reflexion\/","og_site_name":"Gordon Food Service Canada Total Rewards","article_publisher":"https:\/\/www.facebook.com\/GordonFoodService","article_modified_time":"2025-11-13T16:22:23+00:00","twitter_card":"summary_large_image","twitter_site":"@GFSDelivers","twitter_misc":{"Est. reading time":"2 minutes"},"schema":{"@context":"https:\/\/schema.org","@graph":[{"@type":"WebPage","@id":"https:\/\/gfssctotalrewards.ca\/en-ca\/benefits-wellness\/benefit-plan-options\/things-to-think-about\/","url":"https:\/\/gfssctotalrewards.ca\/en-ca\/benefits-wellness\/benefit-plan-options\/things-to-think-about\/","name":"Things to Think About | Gordon Food Service Canada Total Rewards","isPartOf":{"@id":"https:\/\/gfssctotalrewards.ca\/en-ca\/#website"},"datePublished":"2025-10-22T18:29:03+00:00","dateModified":"2025-11-13T16:22:23+00:00","breadcrumb":{"@id":"https:\/\/gfssctotalrewards.ca\/en-ca\/benefits-wellness\/benefit-plan-options\/things-to-think-about\/#breadcrumb"},"inLanguage":"fr-CA","potentialAction":[{"@type":"ReadAction","target":["https:\/\/gfssctotalrewards.ca\/en-ca\/benefits-wellness\/benefit-plan-options\/things-to-think-about\/"]}]},{"@type":"BreadcrumbList","@id":"https:\/\/gfssctotalrewards.ca\/en-ca\/benefits-wellness\/benefit-plan-options\/things-to-think-about\/#breadcrumb","itemListElement":[{"@type":"ListItem","position":1,"name":"Home","item":"https:\/\/gfssctotalrewards.ca\/fr-ca\/"},{"@type":"ListItem","position":2,"name":"Benefits + Wellness","item":"https:\/\/gfssctotalrewards.ca\/fr-ca\/avantages-sociaux-et-mieux-etre\/"},{"@type":"ListItem","position":3,"name":"Benefit Plan Options","item":"https:\/\/gfssctotalrewards.ca\/en-ca\/benefits-wellness\/benefit-plan-options\/"},{"@type":"ListItem","position":4,"name":"Things to Think About"}]},{"@type":"WebSite","@id":"https:\/\/gfssctotalrewards.ca\/en-ca\/#website","url":"https:\/\/gfssctotalrewards.ca\/en-ca\/","name":"Gordon Food Service Canada Total Rewards","description":"","publisher":{"@id":"https:\/\/gfssctotalrewards.ca\/en-ca\/#organization"},"potentialAction":[{"@type":"SearchAction","target":{"@type":"EntryPoint","urlTemplate":"https:\/\/gfssctotalrewards.ca\/en-ca\/?s={search_term_string}"},"query-input":{"@type":"PropertyValueSpecification","valueRequired":true,"valueName":"search_term_string"}}],"inLanguage":"fr-CA"},{"@type":"Organization","@id":"https:\/\/gfssctotalrewards.ca\/en-ca\/#organization","name":"Gordon Food Service Canada Total Rewards","url":"https:\/\/gfssctotalrewards.ca\/en-ca\/","logo":{"@type":"ImageObject","inLanguage":"fr-CA","@id":"https:\/\/gfssctotalrewards.ca\/en-ca\/#\/schema\/logo\/image\/","url":"https:\/\/live-gfs-ca-total-rewards.pantheonsite.io\/wp-content\/uploads\/2022\/07\/gordon-food-service-logo.png","contentUrl":"https:\/\/live-gfs-ca-total-rewards.pantheonsite.io\/wp-content\/uploads\/2022\/07\/gordon-food-service-logo.png","width":402,"height":128,"caption":"Gordon Food Service Canada Total Rewards"},"image":{"@id":"https:\/\/gfssctotalrewards.ca\/en-ca\/#\/schema\/logo\/image\/"},"sameAs":["https:\/\/www.facebook.com\/GordonFoodService","https:\/\/x.com\/GFSDelivers","https:\/\/www.instagram.com\/gordonfoodservice\/","https:\/\/www.youtube.com\/user\/GFSDelivers","https:\/\/www.linkedin.com\/company\/gordon-food-service\/"]}]}},"_links":{"self":[{"href":"https:\/\/gfssctotalrewards.ca\/fr-ca\/wp-json\/wp\/v2\/pages\/18758","targetHints":{"allow":["GET"]}}],"collection":[{"href":"https:\/\/gfssctotalrewards.ca\/fr-ca\/wp-json\/wp\/v2\/pages"}],"about":[{"href":"https:\/\/gfssctotalrewards.ca\/fr-ca\/wp-json\/wp\/v2\/types\/page"}],"author":[{"embeddable":true,"href":"https:\/\/gfssctotalrewards.ca\/fr-ca\/wp-json\/wp\/v2\/users\/20"}],"replies":[{"embeddable":true,"href":"https:\/\/gfssctotalrewards.ca\/fr-ca\/wp-json\/wp\/v2\/comments?post=18758"}],"version-history":[{"count":16,"href":"https:\/\/gfssctotalrewards.ca\/fr-ca\/wp-json\/wp\/v2\/pages\/18758\/revisions"}],"predecessor-version":[{"id":18782,"href":"https:\/\/gfssctotalrewards.ca\/fr-ca\/wp-json\/wp\/v2\/pages\/18758\/revisions\/18782"}],"up":[{"embeddable":true,"href":"https:\/\/gfssctotalrewards.ca\/fr-ca\/wp-json\/wp\/v2\/pages\/14815"}],"wp:attachment":[{"href":"https:\/\/gfssctotalrewards.ca\/fr-ca\/wp-json\/wp\/v2\/media?parent=18758"}],"curies":[{"name":"wp","href":"https:\/\/api.w.org\/{rel}","templated":true}]}}